{"id":34,"date":"2021-03-30T23:57:08","date_gmt":"2021-03-30T21:57:08","guid":{"rendered":"https:\/\/hoekaberg.sfl-lab.de\/?page_id=34"},"modified":"2023-12-18T13:40:09","modified_gmt":"2023-12-18T12:40:09","slug":"stuga","status":"publish","type":"page","link":"https:\/\/hoekaberg.sfl-lab.de\/index.php\/stuga\/","title":{"rendered":"Stuga"},"content":{"rendered":"\n<h1 class=\"wp-block-heading has-text-align-center\">STUGA<\/h1>\n\n\n\n<p>Die Stuga hat 40 qm Wohnfl\u00e4che im gro\u00dfen Bereich sowie 25 qm im kleineren Teil, eine \u00fcberdachte Terrasse von 12 m L\u00e4nge und ein Carport.<br>Neben 2 Wohnzimmern, Essecke und kompletter K\u00fcche findet man zwei Badezimmer mit Dusche, eine separate Toilette, zwei gro\u00dfe Schlafzimmer und zwei Einzelzimmer. Momentan Platz f\u00fcr 5 Personen.<br>Die Einrichtung ist komplett mit Sat-TV, Herd, K\u00fchlschrank, Mikrowellen, Kaffeemaschinen und Holzkohlegrill ausgestattet.<br>Au\u00dferdem gibt es eine Klimaanlage zum K\u00fchlen und Heizen.<\/p>\n\n\n\n<figure class=\"wp-block-image size-large is-resized\"><img loading=\"lazy\" decoding=\"async\" width=\"820\" height=\"615\" src=\"https:\/\/hoekaberg.sfl-lab.de\/wp-content\/uploads\/2021\/03\/image-1.jpg\" alt=\"\" class=\"wp-image-56\" style=\"width:987px;height:740px\" srcset=\"https:\/\/hoekaberg.sfl-lab.de\/wp-content\/uploads\/2021\/03\/image-1.jpg 820w, https:\/\/hoekaberg.sfl-lab.de\/wp-content\/uploads\/2021\/03\/image-1-300x225.jpg 300w, https:\/\/hoekaberg.sfl-lab.de\/wp-content\/uploads\/2021\/03\/image-1-768x576.jpg 768w\" sizes=\"auto, (max-width: 820px) 100vw, 820px\" \/><\/figure>\n\n\n\n<figure class=\"wp-block-gallery has-nested-images columns-default is-cropped wp-block-gallery-1 is-layout-flex wp-block-gallery-is-layout-flex\">\n<figure class=\"wp-block-image size-large\"><img loading=\"lazy\" decoding=\"async\" width=\"820\" height=\"615\" data-id=\"35\" src=\"https:\/\/hoekaberg.sfl-lab.de\/wp-content\/uploads\/2021\/03\/image-22.jpg\" alt=\"\" class=\"wp-image-35\" srcset=\"https:\/\/hoekaberg.sfl-lab.de\/wp-content\/uploads\/2021\/03\/image-22.jpg 820w, https:\/\/hoekaberg.sfl-lab.de\/wp-content\/uploads\/2021\/03\/image-22-300x225.jpg 300w, https:\/\/hoekaberg.sfl-lab.de\/wp-content\/uploads\/2021\/03\/image-22-768x576.jpg 768w\" sizes=\"auto, (max-width: 820px) 100vw, 820px\" \/><\/figure>\n\n\n\n<figure class=\"wp-block-image size-large\"><img loading=\"lazy\" decoding=\"async\" width=\"768\" height=\"1024\" data-id=\"36\" src=\"https:\/\/hoekaberg.sfl-lab.de\/wp-content\/uploads\/2021\/03\/image-21-768x1024.jpg\" alt=\"\" class=\"wp-image-36\" srcset=\"https:\/\/hoekaberg.sfl-lab.de\/wp-content\/uploads\/2021\/03\/image-21-768x1024.jpg 768w, https:\/\/hoekaberg.sfl-lab.de\/wp-content\/uploads\/2021\/03\/image-21-225x300.jpg 225w, https:\/\/hoekaberg.sfl-lab.de\/wp-content\/uploads\/2021\/03\/image-21.jpg 820w\" sizes=\"auto, (max-width: 768px) 100vw, 768px\" \/><\/figure>\n\n\n\n<figure class=\"wp-block-image size-large\"><img loading=\"lazy\" decoding=\"async\" width=\"768\" height=\"1024\" data-id=\"37\" src=\"https:\/\/hoekaberg.sfl-lab.de\/wp-content\/uploads\/2021\/03\/image-20-768x1024.jpg\" alt=\"\" class=\"wp-image-37\" srcset=\"https:\/\/hoekaberg.sfl-lab.de\/wp-content\/uploads\/2021\/03\/image-20-768x1024.jpg 768w, https:\/\/hoekaberg.sfl-lab.de\/wp-content\/uploads\/2021\/03\/image-20-225x300.jpg 225w, https:\/\/hoekaberg.sfl-lab.de\/wp-content\/uploads\/2021\/03\/image-20.jpg 820w\" sizes=\"auto, (max-width: 768px) 100vw, 768px\" \/><\/figure>\n\n\n\n<figure class=\"wp-block-image size-large\"><img loading=\"lazy\" decoding=\"async\" width=\"768\" height=\"1024\" data-id=\"38\" src=\"https:\/\/hoekaberg.sfl-lab.de\/wp-content\/uploads\/2021\/03\/image-19-768x1024.jpg\" alt=\"\" class=\"wp-image-38\" srcset=\"https:\/\/hoekaberg.sfl-lab.de\/wp-content\/uploads\/2021\/03\/image-19-768x1024.jpg 768w, https:\/\/hoekaberg.sfl-lab.de\/wp-content\/uploads\/2021\/03\/image-19-225x300.jpg 225w, https:\/\/hoekaberg.sfl-lab.de\/wp-content\/uploads\/2021\/03\/image-19.jpg 820w\" sizes=\"auto, (max-width: 768px) 100vw, 768px\" \/><\/figure>\n\n\n\n<figure class=\"wp-block-image size-large\"><img loading=\"lazy\" decoding=\"async\" width=\"768\" height=\"1024\" data-id=\"39\" src=\"https:\/\/hoekaberg.sfl-lab.de\/wp-content\/uploads\/2021\/03\/image-18-768x1024.jpg\" alt=\"\" class=\"wp-image-39\" srcset=\"https:\/\/hoekaberg.sfl-lab.de\/wp-content\/uploads\/2021\/03\/image-18-768x1024.jpg 768w, https:\/\/hoekaberg.sfl-lab.de\/wp-content\/uploads\/2021\/03\/image-18-225x300.jpg 225w, https:\/\/hoekaberg.sfl-lab.de\/wp-content\/uploads\/2021\/03\/image-18.jpg 820w\" sizes=\"auto, (max-width: 768px) 100vw, 768px\" \/><\/figure>\n\n\n\n<figure class=\"wp-block-image size-large\"><img loading=\"lazy\" decoding=\"async\" width=\"768\" height=\"1024\" data-id=\"40\" src=\"https:\/\/hoekaberg.sfl-lab.de\/wp-content\/uploads\/2021\/03\/image-17-768x1024.jpg\" alt=\"\" class=\"wp-image-40\" srcset=\"https:\/\/hoekaberg.sfl-lab.de\/wp-content\/uploads\/2021\/03\/image-17-768x1024.jpg 768w, https:\/\/hoekaberg.sfl-lab.de\/wp-content\/uploads\/2021\/03\/image-17-225x300.jpg 225w, https:\/\/hoekaberg.sfl-lab.de\/wp-content\/uploads\/2021\/03\/image-17.jpg 820w\" sizes=\"auto, (max-width: 768px) 100vw, 768px\" \/><\/figure>\n\n\n\n<figure class=\"wp-block-image size-large\"><img loading=\"lazy\" decoding=\"async\" width=\"820\" height=\"615\" data-id=\"41\" src=\"https:\/\/hoekaberg.sfl-lab.de\/wp-content\/uploads\/2021\/03\/image-16.jpg\" alt=\"\" class=\"wp-image-41\" srcset=\"https:\/\/hoekaberg.sfl-lab.de\/wp-content\/uploads\/2021\/03\/image-16.jpg 820w, https:\/\/hoekaberg.sfl-lab.de\/wp-content\/uploads\/2021\/03\/image-16-300x225.jpg 300w, https:\/\/hoekaberg.sfl-lab.de\/wp-content\/uploads\/2021\/03\/image-16-768x576.jpg 768w\" sizes=\"auto, (max-width: 820px) 100vw, 820px\" \/><\/figure>\n\n\n\n<figure class=\"wp-block-image size-large\"><img loading=\"lazy\" decoding=\"async\" width=\"820\" height=\"615\" data-id=\"42\" src=\"https:\/\/hoekaberg.sfl-lab.de\/wp-content\/uploads\/2021\/03\/image-15.jpg\" alt=\"\" class=\"wp-image-42\" srcset=\"https:\/\/hoekaberg.sfl-lab.de\/wp-content\/uploads\/2021\/03\/image-15.jpg 820w, https:\/\/hoekaberg.sfl-lab.de\/wp-content\/uploads\/2021\/03\/image-15-300x225.jpg 300w, https:\/\/hoekaberg.sfl-lab.de\/wp-content\/uploads\/2021\/03\/image-15-768x576.jpg 768w\" sizes=\"auto, (max-width: 820px) 100vw, 820px\" \/><\/figure>\n\n\n\n<figure class=\"wp-block-image size-large\"><img loading=\"lazy\" decoding=\"async\" width=\"820\" height=\"615\" data-id=\"43\" src=\"https:\/\/hoekaberg.sfl-lab.de\/wp-content\/uploads\/2021\/03\/image-14.jpg\" alt=\"\" class=\"wp-image-43\" srcset=\"https:\/\/hoekaberg.sfl-lab.de\/wp-content\/uploads\/2021\/03\/image-14.jpg 820w, https:\/\/hoekaberg.sfl-lab.de\/wp-content\/uploads\/2021\/03\/image-14-300x225.jpg 300w, https:\/\/hoekaberg.sfl-lab.de\/wp-content\/uploads\/2021\/03\/image-14-768x576.jpg 768w\" sizes=\"auto, (max-width: 820px) 100vw, 820px\" \/><\/figure>\n\n\n\n<figure class=\"wp-block-image size-large\"><img loading=\"lazy\" decoding=\"async\" width=\"820\" height=\"615\" data-id=\"44\" src=\"https:\/\/hoekaberg.sfl-lab.de\/wp-content\/uploads\/2021\/03\/image-13.jpg\" alt=\"\" class=\"wp-image-44\" srcset=\"https:\/\/hoekaberg.sfl-lab.de\/wp-content\/uploads\/2021\/03\/image-13.jpg 820w, https:\/\/hoekaberg.sfl-lab.de\/wp-content\/uploads\/2021\/03\/image-13-300x225.jpg 300w, https:\/\/hoekaberg.sfl-lab.de\/wp-content\/uploads\/2021\/03\/image-13-768x576.jpg 768w\" sizes=\"auto, (max-width: 820px) 100vw, 820px\" \/><\/figure>\n\n\n\n<figure class=\"wp-block-image size-large\"><img loading=\"lazy\" decoding=\"async\" width=\"768\" height=\"1024\" data-id=\"45\" src=\"https:\/\/hoekaberg.sfl-lab.de\/wp-content\/uploads\/2021\/03\/image-12-768x1024.jpg\" alt=\"\" class=\"wp-image-45\" srcset=\"https:\/\/hoekaberg.sfl-lab.de\/wp-content\/uploads\/2021\/03\/image-12-768x1024.jpg 768w, https:\/\/hoekaberg.sfl-lab.de\/wp-content\/uploads\/2021\/03\/image-12-225x300.jpg 225w, https:\/\/hoekaberg.sfl-lab.de\/wp-content\/uploads\/2021\/03\/image-12.jpg 820w\" sizes=\"auto, (max-width: 768px) 100vw, 768px\" \/><\/figure>\n\n\n\n<figure class=\"wp-block-image size-large\"><img loading=\"lazy\" decoding=\"async\" width=\"820\" height=\"615\" data-id=\"46\" src=\"https:\/\/hoekaberg.sfl-lab.de\/wp-content\/uploads\/2021\/03\/image-11.jpg\" alt=\"\" class=\"wp-image-46\" srcset=\"https:\/\/hoekaberg.sfl-lab.de\/wp-content\/uploads\/2021\/03\/image-11.jpg 820w, https:\/\/hoekaberg.sfl-lab.de\/wp-content\/uploads\/2021\/03\/image-11-300x225.jpg 300w, https:\/\/hoekaberg.sfl-lab.de\/wp-content\/uploads\/2021\/03\/image-11-768x576.jpg 768w\" sizes=\"auto, (max-width: 820px) 100vw, 820px\" \/><\/figure>\n\n\n\n<figure class=\"wp-block-image size-large\"><img loading=\"lazy\" decoding=\"async\" width=\"820\" height=\"615\" data-id=\"47\" src=\"https:\/\/hoekaberg.sfl-lab.de\/wp-content\/uploads\/2021\/03\/image-10.jpg\" alt=\"\" class=\"wp-image-47\" srcset=\"https:\/\/hoekaberg.sfl-lab.de\/wp-content\/uploads\/2021\/03\/image-10.jpg 820w, https:\/\/hoekaberg.sfl-lab.de\/wp-content\/uploads\/2021\/03\/image-10-300x225.jpg 300w, https:\/\/hoekaberg.sfl-lab.de\/wp-content\/uploads\/2021\/03\/image-10-768x576.jpg 768w\" sizes=\"auto, (max-width: 820px) 100vw, 820px\" \/><\/figure>\n\n\n\n<figure class=\"wp-block-image size-large\"><img loading=\"lazy\" decoding=\"async\" width=\"820\" height=\"615\" data-id=\"48\" src=\"https:\/\/hoekaberg.sfl-lab.de\/wp-content\/uploads\/2021\/03\/image-9.jpg\" alt=\"\" class=\"wp-image-48\" srcset=\"https:\/\/hoekaberg.sfl-lab.de\/wp-content\/uploads\/2021\/03\/image-9.jpg 820w, https:\/\/hoekaberg.sfl-lab.de\/wp-content\/uploads\/2021\/03\/image-9-300x225.jpg 300w, https:\/\/hoekaberg.sfl-lab.de\/wp-content\/uploads\/2021\/03\/image-9-768x576.jpg 768w\" sizes=\"auto, (max-width: 820px) 100vw, 820px\" \/><\/figure>\n\n\n\n<figure class=\"wp-block-image size-large\"><img loading=\"lazy\" decoding=\"async\" width=\"820\" height=\"615\" data-id=\"49\" src=\"https:\/\/hoekaberg.sfl-lab.de\/wp-content\/uploads\/2021\/03\/image-8.jpg\" alt=\"\" class=\"wp-image-49\" srcset=\"https:\/\/hoekaberg.sfl-lab.de\/wp-content\/uploads\/2021\/03\/image-8.jpg 820w, https:\/\/hoekaberg.sfl-lab.de\/wp-content\/uploads\/2021\/03\/image-8-300x225.jpg 300w, https:\/\/hoekaberg.sfl-lab.de\/wp-content\/uploads\/2021\/03\/image-8-768x576.jpg 768w\" sizes=\"auto, (max-width: 820px) 100vw, 820px\" \/><\/figure>\n\n\n\n<figure class=\"wp-block-image size-large\"><img loading=\"lazy\" decoding=\"async\" width=\"820\" height=\"615\" data-id=\"50\" src=\"https:\/\/hoekaberg.sfl-lab.de\/wp-content\/uploads\/2021\/03\/image-7.jpg\" alt=\"\" class=\"wp-image-50\" srcset=\"https:\/\/hoekaberg.sfl-lab.de\/wp-content\/uploads\/2021\/03\/image-7.jpg 820w, https:\/\/hoekaberg.sfl-lab.de\/wp-content\/uploads\/2021\/03\/image-7-300x225.jpg 300w, https:\/\/hoekaberg.sfl-lab.de\/wp-content\/uploads\/2021\/03\/image-7-768x576.jpg 768w\" sizes=\"auto, (max-width: 820px) 100vw, 820px\" \/><\/figure>\n\n\n\n<figure class=\"wp-block-image size-large\"><img loading=\"lazy\" decoding=\"async\" width=\"820\" height=\"615\" data-id=\"51\" src=\"https:\/\/hoekaberg.sfl-lab.de\/wp-content\/uploads\/2021\/03\/image-6.jpg\" alt=\"\" class=\"wp-image-51\" srcset=\"https:\/\/hoekaberg.sfl-lab.de\/wp-content\/uploads\/2021\/03\/image-6.jpg 820w, https:\/\/hoekaberg.sfl-lab.de\/wp-content\/uploads\/2021\/03\/image-6-300x225.jpg 300w, https:\/\/hoekaberg.sfl-lab.de\/wp-content\/uploads\/2021\/03\/image-6-768x576.jpg 768w\" sizes=\"auto, (max-width: 820px) 100vw, 820px\" \/><\/figure>\n\n\n\n<figure class=\"wp-block-image size-large\"><img loading=\"lazy\" decoding=\"async\" width=\"820\" height=\"615\" data-id=\"52\" src=\"https:\/\/hoekaberg.sfl-lab.de\/wp-content\/uploads\/2021\/03\/image-5.jpg\" alt=\"\" class=\"wp-image-52\" srcset=\"https:\/\/hoekaberg.sfl-lab.de\/wp-content\/uploads\/2021\/03\/image-5.jpg 820w, https:\/\/hoekaberg.sfl-lab.de\/wp-content\/uploads\/2021\/03\/image-5-300x225.jpg 300w, https:\/\/hoekaberg.sfl-lab.de\/wp-content\/uploads\/2021\/03\/image-5-768x576.jpg 768w\" sizes=\"auto, (max-width: 820px) 100vw, 820px\" \/><\/figure>\n\n\n\n<figure class=\"wp-block-image size-large\"><img loading=\"lazy\" decoding=\"async\" width=\"820\" height=\"615\" data-id=\"53\" src=\"https:\/\/hoekaberg.sfl-lab.de\/wp-content\/uploads\/2021\/03\/image-4.jpg\" alt=\"\" class=\"wp-image-53\" srcset=\"https:\/\/hoekaberg.sfl-lab.de\/wp-content\/uploads\/2021\/03\/image-4.jpg 820w, https:\/\/hoekaberg.sfl-lab.de\/wp-content\/uploads\/2021\/03\/image-4-300x225.jpg 300w, https:\/\/hoekaberg.sfl-lab.de\/wp-content\/uploads\/2021\/03\/image-4-768x576.jpg 768w\" sizes=\"auto, (max-width: 820px) 100vw, 820px\" \/><\/figure>\n\n\n\n<figure class=\"wp-block-image size-large\"><img loading=\"lazy\" decoding=\"async\" width=\"820\" height=\"615\" data-id=\"54\" src=\"https:\/\/hoekaberg.sfl-lab.de\/wp-content\/uploads\/2021\/03\/image-3.jpg\" alt=\"\" class=\"wp-image-54\" srcset=\"https:\/\/hoekaberg.sfl-lab.de\/wp-content\/uploads\/2021\/03\/image-3.jpg 820w, https:\/\/hoekaberg.sfl-lab.de\/wp-content\/uploads\/2021\/03\/image-3-300x225.jpg 300w, https:\/\/hoekaberg.sfl-lab.de\/wp-content\/uploads\/2021\/03\/image-3-768x576.jpg 768w\" sizes=\"auto, (max-width: 820px) 100vw, 820px\" \/><\/figure>\n\n\n\n<figure class=\"wp-block-image size-large\"><img loading=\"lazy\" decoding=\"async\" width=\"820\" height=\"615\" data-id=\"55\" src=\"https:\/\/hoekaberg.sfl-lab.de\/wp-content\/uploads\/2021\/03\/image-2.jpg\" alt=\"\" class=\"wp-image-55\" srcset=\"https:\/\/hoekaberg.sfl-lab.de\/wp-content\/uploads\/2021\/03\/image-2.jpg 820w, https:\/\/hoekaberg.sfl-lab.de\/wp-content\/uploads\/2021\/03\/image-2-300x225.jpg 300w, https:\/\/hoekaberg.sfl-lab.de\/wp-content\/uploads\/2021\/03\/image-2-768x576.jpg 768w\" sizes=\"auto, (max-width: 820px) 100vw, 820px\" \/><\/figure>\n<\/figure>\n\n\n\n<hr class=\"wp-block-separator has-css-opacity is-style-wide\"\/>\n\n\n\n<p><\/p>\n<div class=\"pvc_clear\"><\/div><p id=\"pvc_stats_34\" class=\"pvc_stats all  \" data-element-id=\"34\" style=\"\"><i class=\"pvc-stats-icon medium\" aria-hidden=\"true\"><svg aria-hidden=\"true\" focusable=\"false\" data-prefix=\"far\" data-icon=\"chart-bar\" role=\"img\" xmlns=\"http:\/\/www.w3.org\/2000\/svg\" viewBox=\"0 0 512 512\" class=\"svg-inline--fa fa-chart-bar fa-w-16 fa-2x\"><path fill=\"currentColor\" d=\"M396.8 352h22.4c6.4 0 12.8-6.4 12.8-12.8V108.8c0-6.4-6.4-12.8-12.8-12.8h-22.4c-6.4 0-12.8 6.4-12.8 12.8v230.4c0 6.4 6.4 12.8 12.8 12.8zm-192 0h22.4c6.4 0 12.8-6.4 12.8-12.8V140.8c0-6.4-6.4-12.8-12.8-12.8h-22.4c-6.4 0-12.8 6.4-12.8 12.8v198.4c0 6.4 6.4 12.8 12.8 12.8zm96 0h22.4c6.4 0 12.8-6.4 12.8-12.8V204.8c0-6.4-6.4-12.8-12.8-12.8h-22.4c-6.4 0-12.8 6.4-12.8 12.8v134.4c0 6.4 6.4 12.8 12.8 12.8zM496 400H48V80c0-8.84-7.16-16-16-16H16C7.16 64 0 71.16 0 80v336c0 17.67 14.33 32 32 32h464c8.84 0 16-7.16 16-16v-16c0-8.84-7.16-16-16-16zm-387.2-48h22.4c6.4 0 12.8-6.4 12.8-12.8v-70.4c0-6.4-6.4-12.8-12.8-12.8h-22.4c-6.4 0-12.8 6.4-12.8 12.8v70.4c0 6.4 6.4 12.8 12.8 12.8z\" class=\"\"><\/path><\/svg><\/i> <img loading=\"lazy\" decoding=\"async\" width=\"16\" height=\"16\" alt=\"Loading\" src=\"https:\/\/hoekaberg.sfl-lab.de\/wp-content\/plugins\/page-views-count\/ajax-loader-2x.gif\" border=0 \/><\/p><div class=\"pvc_clear\"><\/div>","protected":false},"excerpt":{"rendered":"<p>STUGA Die Stuga hat 40 qm Wohnfl\u00e4che im gro\u00dfen Bereich sowie 25 qm im kleineren Teil, eine \u00fcberdachte Terrasse von 12 m L\u00e4nge und ein Carport.Neben 2 Wohnzimmern, Essecke und kompletter K\u00fcche findet man zwei Badezimmer mit Dusche, eine separate Toilette, zwei gro\u00dfe Schlafzimmer und zwei Einzelzimmer. Momentan Platz f\u00fcr 5 Personen.Die Einrichtung ist komplett [&hellip;]<\/p>\n<div class=\"pvc_clear\"><\/div>\n<p id=\"pvc_stats_34\" class=\"pvc_stats all  \" data-element-id=\"34\" style=\"\"><i class=\"pvc-stats-icon medium\" aria-hidden=\"true\"><svg aria-hidden=\"true\" focusable=\"false\" data-prefix=\"far\" data-icon=\"chart-bar\" role=\"img\" xmlns=\"http:\/\/www.w3.org\/2000\/svg\" viewBox=\"0 0 512 512\" class=\"svg-inline--fa fa-chart-bar fa-w-16 fa-2x\"><path fill=\"currentColor\" d=\"M396.8 352h22.4c6.4 0 12.8-6.4 12.8-12.8V108.8c0-6.4-6.4-12.8-12.8-12.8h-22.4c-6.4 0-12.8 6.4-12.8 12.8v230.4c0 6.4 6.4 12.8 12.8 12.8zm-192 0h22.4c6.4 0 12.8-6.4 12.8-12.8V140.8c0-6.4-6.4-12.8-12.8-12.8h-22.4c-6.4 0-12.8 6.4-12.8 12.8v198.4c0 6.4 6.4 12.8 12.8 12.8zm96 0h22.4c6.4 0 12.8-6.4 12.8-12.8V204.8c0-6.4-6.4-12.8-12.8-12.8h-22.4c-6.4 0-12.8 6.4-12.8 12.8v134.4c0 6.4 6.4 12.8 12.8 12.8zM496 400H48V80c0-8.84-7.16-16-16-16H16C7.16 64 0 71.16 0 80v336c0 17.67 14.33 32 32 32h464c8.84 0 16-7.16 16-16v-16c0-8.84-7.16-16-16-16zm-387.2-48h22.4c6.4 0 12.8-6.4 12.8-12.8v-70.4c0-6.4-6.4-12.8-12.8-12.8h-22.4c-6.4 0-12.8 6.4-12.8 12.8v70.4c0 6.4 6.4 12.8 12.8 12.8z\" class=\"\"><\/path><\/svg><\/i> <img loading=\"lazy\" decoding=\"async\" width=\"16\" height=\"16\" alt=\"Loading\" src=\"https:\/\/hoekaberg.sfl-lab.de\/wp-content\/plugins\/page-views-count\/ajax-loader-2x.gif\" border=0 \/><\/p>\n<div class=\"pvc_clear\"><\/div>\n","protected":false},"author":1,"featured_media":0,"parent":0,"menu_order":0,"comment_status":"closed","ping_status":"closed","template":"","meta":{"site-sidebar-layout":"default","site-content-layout":"default","ast-site-content-layout":"default","site-content-style":"default","site-sidebar-style":"default","ast-global-header-display":"","ast-banner-title-visibility":"","ast-main-header-display":"","ast-hfb-above-header-display":"","ast-hfb-below-header-display":"","ast-hfb-mobile-header-display":"","site-post-title":"disabled","ast-breadcrumbs-content":"","ast-featured-img":"","footer-sml-layout":"","theme-transparent-header-meta":"default","adv-header-id-meta":"","stick-header-meta":"","header-above-stick-meta":"","header-main-stick-meta":"","header-below-stick-meta":"","astra-migrate-meta-layouts":"set","ast-page-background-enabled":"default","ast-page-background-meta":{"desktop":{"background-color":"","background-image":"","background-repeat":"repeat","background-position":"center center","background-size":"auto","background-attachment":"scroll","background-type":"","background-media":"","overlay-type":"","overlay-color":"","overlay-opacity":"","overlay-gradient":""},"tablet":{"background-color":"","background-image":"","background-repeat":"repeat","background-position":"center center","background-size":"auto","background-attachment":"scroll","background-type":"","background-media":"","overlay-type":"","overlay-color":"","overlay-opacity":"","overlay-gradient":""},"mobile":{"background-color":"","background-image":"","background-repeat":"repeat","background-position":"center center","background-size":"auto","background-attachment":"scroll","background-type":"","background-media":"","overlay-type":"","overlay-color":"","overlay-opacity":"","overlay-gradient":""}},"ast-content-background-meta":{"desktop":{"background-color":"var(--ast-global-color-5)","background-image":"","background-repeat":"repeat","background-position":"center center","background-size":"auto","background-attachment":"scroll","background-type":"","background-media":"","overlay-type":"","overlay-color":"","overlay-opacity":"","overlay-gradient":""},"tablet":{"background-color":"var(--ast-global-color-5)","background-image":"","background-repeat":"repeat","background-position":"center center","background-size":"auto","background-attachment":"scroll","background-type":"","background-media":"","overlay-type":"","overlay-color":"","overlay-opacity":"","overlay-gradient":""},"mobile":{"background-color":"var(--ast-global-color-5)","background-image":"","background-repeat":"repeat","background-position":"center center","background-size":"auto","background-attachment":"scroll","background-type":"","background-media":"","overlay-type":"","overlay-color":"","overlay-opacity":"","overlay-gradient":""}},"footnotes":""},"class_list":["post-34","page","type-page","status-publish","hentry"],"a3_pvc":{"activated":true,"total_views":336,"today_views":0},"_links":{"self":[{"href":"https:\/\/hoekaberg.sfl-lab.de\/index.php\/wp-json\/wp\/v2\/pages\/34","targetHints":{"allow":["GET"]}}],"collection":[{"href":"https:\/\/hoekaberg.sfl-lab.de\/index.php\/wp-json\/wp\/v2\/pages"}],"about":[{"href":"https:\/\/hoekaberg.sfl-lab.de\/index.php\/wp-json\/wp\/v2\/types\/page"}],"author":[{"embeddable":true,"href":"https:\/\/hoekaberg.sfl-lab.de\/index.php\/wp-json\/wp\/v2\/users\/1"}],"replies":[{"embeddable":true,"href":"https:\/\/hoekaberg.sfl-lab.de\/index.php\/wp-json\/wp\/v2\/comments?post=34"}],"version-history":[{"count":7,"href":"https:\/\/hoekaberg.sfl-lab.de\/index.php\/wp-json\/wp\/v2\/pages\/34\/revisions"}],"predecessor-version":[{"id":281,"href":"https:\/\/hoekaberg.sfl-lab.de\/index.php\/wp-json\/wp\/v2\/pages\/34\/revisions\/281"}],"wp:attachment":[{"href":"https:\/\/hoekaberg.sfl-lab.de\/index.php\/wp-json\/wp\/v2\/media?parent=34"}],"curies":[{"name":"wp","href":"https:\/\/api.w.org\/{rel}","templated":true}]}}